{"id":5840,"date":"2023-06-23T11:13:32","date_gmt":"2023-06-23T11:13:32","guid":{"rendered":"http:\/\/192.168.0.10\/edurock\/?page_id=5840"},"modified":"2025-10-29T21:33:17","modified_gmt":"2025-10-29T21:33:17","slug":"course-2","status":"publish","type":"page","link":"https:\/\/iameacademy.com\/al\/course-2\/","title":{"rendered":"Kurset"},"content":{"rendered":"<div data-elementor-type=\"wp-page\" data-elementor-id=\"5840\" class=\"elementor elementor-5840\">\n\t\t\t\t\t\t<section class=\"elementor-section elementor-top-section elementor-element elementor-element-fec8a5d elementor-section-boxed elementor-section-height-default elementor-section-height-default\" data-id=\"fec8a5d\" data-element_type=\"section\" data-e-type=\"section\" data-settings=\"{&quot;background_background&quot;:&quot;classic&quot;}\">\n\t\t\t\t\t\t<div class=\"elementor-container elementor-column-gap-default\">\n\t\t\t\t\t<div class=\"elementor-column elementor-col-100 elementor-top-column elementor-element elementor-element-1cfe71f\" data-id=\"1cfe71f\" data-element_type=\"column\" data-e-type=\"column\">\n\t\t\t<div class=\"elementor-widget-wrap elementor-element-populated\">\n\t\t\t\t\t\t<div class=\"elementor-element elementor-element-104ec9b elementor-widget elementor-widget-html\" data-id=\"104ec9b\" data-element_type=\"widget\" data-e-type=\"widget\" data-widget_type=\"html.default\">\n\t\t\t\t<div class=\"elementor-widget-container\">\n\t\t\t\t\t\r\n<h3>  \u00c7far\u00eb \u00ebsht\u00eb simulimi n\u00eb kujdesin sh\u00ebndet\u00ebsor?<\/h3> Simulimi n\u00eb kujdesin sh\u00ebndet\u00ebsor \u00ebsht\u00eb nj\u00eb trajnim realist dhe reflektim mbi situata t\u00eb inskenuara nga puna klinike. Me ndihm\u00ebn e simulimit, stafi sh\u00ebndet\u00ebsor mund t\u00eb trajnohet n\u00eb situata relevante dhe sfiduese nga p\u00ebrditshm\u00ebria e tyre. Pacient\u00ebt z\u00ebvend\u00ebsohen me simulator\u00eb (manikina) ose shenja. Ne krijojm\u00eb nj\u00eb mjedis pa rreziqe, ku ju dhe t\u00eb tjer\u00ebt mund t\u00eb p\u00ebrmir\u00ebsoni komunikimin dhe bashk\u00ebpunimin p\u00ebr t\u00eb qen\u00eb nj\u00eb ekip efikas dhe i sigurt n\u00eb veprim.<br>\r\nSimulimi n\u00eb kujdesin sh\u00ebndet\u00ebsor \u00ebsht\u00eb trajnim praktik p\u00ebr profesionist\u00ebt e sh\u00ebndet\u00ebsis\u00eb dhe p\u00ebrfshin gjith\u00e7ka, nga zhvillimi i aft\u00ebsive individuale deri te trajnimet e ekipeve multidisiplinare n\u00eb situata akute dhe komplekse.<br>\r\n  \r\n  \r\n    Trajnimi u jep stafit sh\u00ebndet\u00ebsor mund\u00ebsin\u00eb t\u00eb ushtrojn\u00eb kompetenca m\u00eb t\u00eb mira n\u00eb trajtimin e pacientit, pa qen\u00eb i p\u00ebrfshir\u00eb pacienti n\u00eb trajnim. N\u00eb simulim, pacienti \u00ebsht\u00eb nj\u00eb manikin i avancuar ose nj\u00eb shenj\u00eb q\u00eb p\u00ebrgjigjet ndaj trajtimit t\u00eb kryer nga pjes\u00ebmarr\u00ebsit.\r\n  <br>\r\n\r\n<div id=\"more\">\r\n  \r\n  <p>\r\n    N\u00eb simulimin n\u00eb kujdesin sh\u00ebndet\u00ebsor, trajnimi organizohet n\u00eb m\u00ebnyr\u00eb q\u00eb pjes\u00ebmarr\u00ebsit t\u00eb p\u00ebrballen me situata pacient\u00ebsh q\u00eb jan\u00eb realiste dhe me sfida t\u00eb p\u00ebrshtatshme. Kjo b\u00ebn q\u00eb ushtrimi t\u00eb perceptohet si i r\u00ebnd\u00ebsish\u00ebm dhe i dobish\u00ebm. Disa nga q\u00ebllimet e trajnimit mund t\u00eb jen\u00eb t\u00eb praktikojn\u00eb teknik\u00ebn m\u00eb t\u00eb mir\u00eb gjat\u00eb procedurave ose gjat\u00eb bisedave me pacient\u00ebt, prezantimi i udh\u00ebzimeve t\u00eb reja, ose q\u00eb pjes\u00ebmarr\u00ebsit t\u00eb p\u00ebrmir\u00ebsohen n\u00eb komunikim t\u00eb qart\u00eb dhe nd\u00ebrveprim t\u00eb mir\u00eb.\r\n  <\/p>\r\n  <p>\r\n    Simulimi n\u00eb kujdesin sh\u00ebndet\u00ebsor \u00ebsht\u00eb nj\u00eb form\u00eb e p\u00ebrshtatshme trajnimi, si p\u00ebr zhvillimin individual t\u00eb aft\u00ebsive, ashtu edhe p\u00ebr trajnimet e ekipeve t\u00eb m\u00ebdha. N\u00eb simulimin me p\u00ebrmasa t\u00eb plota, st\u00ebrviten ekipe t\u00eb t\u00ebra n\u00eb situata komplekse me pacient\u00eb. Ekipi p\u00ebrb\u00ebhet nga ata q\u00eb natyrsh\u00ebm bashk\u00ebveprojn\u00eb n\u00eb situat\u00ebn e dh\u00ebn\u00eb. Pas skenarit, t\u00eb gjith\u00eb takohen p\u00ebr nj\u00eb diskutim t\u00eb p\u00ebrbashk\u00ebt, ku ekipi reflekton mbi at\u00eb q\u00eb ndodhi gjat\u00eb skenarit. Ky diskutim drejtohet nga nj\u00eb moderator.\r\n  <\/p>\r\n  <p>\r\n    Debriefing-u \u00ebsht\u00eb nj\u00eb bised\u00eb e strukturuar ku ekipi s\u00eb bashku shqyrton sfidat q\u00eb kan\u00eb hasur gjat\u00eb skenarit, \u00e7far\u00eb ka shkuar mir\u00eb dhe n\u00ebse shohin ndonj\u00eb gj\u00eb q\u00eb mund t\u00eb ishte b\u00ebr\u00eb m\u00eb mir\u00eb. Kjo reflektim p\u00ebrmbyllet me pjes\u00ebmarr\u00ebsit q\u00eb konkretizojn\u00eb at\u00eb q\u00eb kan\u00eb m\u00ebsuar nga seanca e trajnimit dhe si kjo mund t\u2019i ndihmoj\u00eb t\u00eb p\u00ebrmir\u00ebsohen n\u00eb pun\u00ebn e tyre t\u00eb m\u00ebtejshme.\r\n  <\/p>\r\n  <p>\r\n    Q\u00ebllimi i trajnimit \u00ebsht\u00eb p\u00ebrmir\u00ebsimi i siguris\u00eb s\u00eb pacientit. Simulimi n\u00eb kujdesin sh\u00ebndet\u00ebsor ndihmon p\u00ebr t\u00eb rritur kompetenc\u00ebn e secilit pjes\u00ebmarr\u00ebs, nd\u00ebrsa bashk\u00ebveprimi krijon ekipe t\u00eb afta q\u00eb din\u00eb \u00e7far\u00eb duhet b\u00ebr\u00eb dhe si duhet b\u00ebr\u00eb.\r\n  <\/p>\r\n  <p>\r\n    Jemi gjithashtu n\u00eb proces akreditimi p\u00ebr m\u00ebsimdh\u00ebnie n\u00eb nivel bachelor dhe master. P\u00ebr m\u00eb tep\u00ebr, n\u00eb t\u00eb nj\u00ebjt\u00ebn koh\u00eb jemi duke bashk\u00ebpunuar me organet p\u00ebrkat\u00ebse komb\u00ebtare dhe nd\u00ebrkomb\u00ebtare.\r\n  <\/p>\r\n  <p>\r\n    Sa i p\u00ebrket simulimit translacional, q\u00eb lidhet direkt me prioritetet e sh\u00ebrbimit sh\u00ebndet\u00ebsor dhe rezultatet te pacient\u00ebt, p\u00ebrmes funksioneve nd\u00ebrhyr\u00ebse dhe diagnostikuese, ne synojm\u00eb t\u00eb ofrojm\u00eb rezultate m\u00eb t\u00eb mira n\u00eb kujdesin sh\u00ebndet\u00ebsor p\u00ebrmes teknikave t\u00eb p\u00ebrmir\u00ebsuara t\u00eb zhvillimit t\u00eb simulimit dhe zhvillimit t\u00eb profesionist\u00ebve t\u00eb kujdesit sh\u00ebndet\u00ebsor q\u00eb mund t\u00eb p\u00ebrdorin simulimin p\u00ebr p\u00ebrmir\u00ebsimin e cil\u00ebsis\u00eb n\u00eb pun\u00ebn e tyre t\u00eb p\u00ebrditshme.\r\n  <\/p>\r\n  <p>\r\n    Me simulimin translacional synojm\u00eb t\u00eb:\r\n    <ul>\r\n      <li>T\u00eb identifikohet, n\u00eb fusha t\u00eb ndryshme klinike, se si simulimi ndikon tek ekipet me performanc\u00eb t\u00eb lart\u00eb dhe n\u00eb ofrimin e kujdesit klinik.<\/li>\r\n      <li>T\u00eb avancojm\u00eb kuptimin se si simulimi translacional ndikon n\u00eb kultur\u00ebn organizative dhe rezultatet p\u00ebr pacient\u00ebt; dhe<\/li>\r\n      <li>T\u00eb bashk\u00ebpunohet me grupe lokale, komb\u00ebtare dhe nd\u00ebrkomb\u00ebtare q\u00eb synojn\u00eb t\u00eb identifikojn\u00eb praktikat m\u00eb t\u00eb mira, metodat novatore dhe q\u00ebndrueshm\u00ebrin\u00eb e p\u00ebrpjekjeve.<\/li>\r\n    <\/ul>\r\n  <\/p>\r\n<\/div>\r\n\r\n<button onclick=\"toggleReadMore()\" id=\"readMoreBtn\">Lexo m\u00eb shum\u00eb<\/button>\r\n\r\n<script>\r\n  function toggleReadMore() {\r\n    const moreText = document.getElementById(\"more\");\r\n    const btnText = document.getElementById(\"readMoreBtn\");\r\n\r\n    if (moreText.style.display === \"none\") {\r\n      moreText.style.display = \"block\";\r\n      btnText.textContent = \"Read Less\";\r\n    } else {\r\n      moreText.style.display = \"none\";\r\n      btnText.textContent = \"Read More\";\r\n    }\r\n  }\r\n<\/script>\r\n\r\n<style>\r\n  #more { display: none; }\r\n  button {\r\n    background-color: #007BFF;\r\n    color: white;\r\n    border: none;\r\n    padding: 8px 12px;\r\n    cursor: pointer;\r\n    font-size: 14px;\r\n    margin-top: 10px;\r\n  }\r\n  button:hover {\r\n    background-color: #0056b3;\r\n  }\r\n<\/style>\t\t\t\t<\/div>\n\t\t\t\t<\/div>\n\t\t\t\t\t<\/div>\n\t\t<\/div>\n\t\t\t\t\t<\/div>\n\t\t<\/section>\n\t\t\t\t<section class=\"elementor-section elementor-top-section elementor-element elementor-element-e29d888 elementor-section-boxed elementor-section-height-default elementor-section-height-default\" data-id=\"e29d888\" data-element_type=\"section\" data-e-type=\"section\" data-settings=\"{&quot;background_background&quot;:&quot;classic&quot;}\">\n\t\t\t\t\t\t<div class=\"elementor-container elementor-column-gap-default\">\n\t\t\t\t\t<div class=\"elementor-column elementor-col-100 elementor-top-column elementor-element elementor-element-a20bb94\" data-id=\"a20bb94\" data-element_type=\"column\" data-e-type=\"column\">\n\t\t\t<div class=\"elementor-widget-wrap elementor-element-populated\">\n\t\t\t\t\t\t<div class=\"elementor-element elementor-element-1846c2b elementor-widget elementor-widget-contentviews_widget_grid1\" data-id=\"1846c2b\" data-element_type=\"widget\" data-e-type=\"widget\" data-widget_type=\"contentviews_widget_grid1.default\">\n\t\t\t\t<div class=\"elementor-widget-container\">\n\t\t\t\t\t<div class='pt-cv-wrapper'> <h1 class='pt-cv-heading-container heading1' data-blockid='1846c2b'><span class='pt-cv-heading'> Kurset <\/span><\/h1><div class=\"pt-cv-view pt-cv-blockgrid iscvblock iscvelementor grid1\" id=\"pt-cv-view-1846c2b\"><div data-id=\"pt-cv-page-1\" class=\"pt-cv-page\" data-cvc=\"3\"><div class=\"pt-cv-content-item pt-cv-1-col\" ><div class=\"pt-cv-thumb-wrapper\"><a href=\"https:\/\/iameacademy.com\/al\/orientim-per-infermiere-te-rinjfillimi-i-punes-ne-spital-emergjence-ed-dhe-icuteori-simulim-qender-simulimi\/\" class=\"_self pt-cv-href-thumbnail pt-cv-thumb-default\" target=\"_self\" ><img fetchpriority=\"high\" decoding=\"async\" width=\"640\" height=\"960\" src=\"https:\/\/iameacademy.com\/wp-content\/uploads\/2026\/01\/EF2D091C-F9FE-4326-8C0C-B961947FFC66-1-683x1024.jpeg\" class=\"pt-cv-thumbnail\" alt=\"\" \/><\/a><\/div>\n<div class=\"pt-cv-remain-wrapper\"><div class=\"pt-cv-taxoterm above_title\"><a href='https:\/\/iameacademy.com\/al\/category\/courses\/' title='Kurset' class='pt-cv-tax-courses'>Kurset<\/a><\/div><h4 class=\"pt-cv-title\"><a href=\"https:\/\/iameacademy.com\/al\/orientim-per-infermiere-te-rinjfillimi-i-punes-ne-spital-emergjence-ed-dhe-icuteori-simulim-qender-simulimi\/\" class=\"_self\" target=\"_self\" >Orientim p\u00ebr infermier\u00eb t\u00eb rinj - Fillimi i pun\u00ebs n\u00eb Spital: Emergjenc\u00eb (ED) dhe ICU - Teori + Simulim (Qend\u00ebr simulimi)<\/a><\/h4><div class=\"pt-cv-rmwrap\"><a href=\"https:\/\/iameacademy.com\/al\/orientim-per-infermiere-te-rinjfillimi-i-punes-ne-spital-emergjence-ed-dhe-icuteori-simulim-qender-simulimi\/\" class=\"_self pt-cv-readmore btn btn-success\" target=\"_self\" >Lexo m\u00eb shum\u00eb<\/a><\/div><\/div><\/div>\n<div class=\"pt-cv-content-item pt-cv-1-col\" ><div class=\"pt-cv-thumb-wrapper\"><a href=\"https:\/\/iameacademy.com\/al\/qasje-vaskulare\/\" class=\"_self pt-cv-href-thumbnail pt-cv-thumb-default\" target=\"_self\" ><img decoding=\"async\" width=\"640\" height=\"427\" src=\"https:\/\/iameacademy.com\/wp-content\/uploads\/2025\/05\/01B94986-F515-4140-B8D7-24C65FFE3615-1024x683.jpeg\" class=\"pt-cv-thumbnail\" alt=\"\" \/><\/a><\/div>\n<div class=\"pt-cv-remain-wrapper\"><div class=\"pt-cv-taxoterm above_title\"><a href='https:\/\/iameacademy.com\/al\/category\/courses\/' title='Kurset' class='pt-cv-tax-courses'>Kurset<\/a><\/div><h4 class=\"pt-cv-title\"><a href=\"https:\/\/iameacademy.com\/al\/qasje-vaskulare\/\" class=\"_self\" target=\"_self\" >Qasje vaskulare p\u00ebr mjek\u00ebt dhe infermier\u00ebt<\/a><\/h4><div class=\"pt-cv-rmwrap\"><a href=\"https:\/\/iameacademy.com\/al\/qasje-vaskulare\/\" class=\"_self pt-cv-readmore btn btn-success\" target=\"_self\" >Lexo m\u00eb shum\u00eb<\/a><\/div><\/div><\/div>\n<div class=\"pt-cv-content-item pt-cv-1-col\" ><div class=\"pt-cv-thumb-wrapper\"><a href=\"https:\/\/iameacademy.com\/al\/ventillimi-mekanik-menaxhimi-rrugeve-frymarjes\/\" class=\"_self pt-cv-href-thumbnail pt-cv-thumb-default\" target=\"_self\" ><img decoding=\"async\" width=\"640\" height=\"427\" src=\"https:\/\/iameacademy.com\/wp-content\/uploads\/2025\/05\/EA2E9EA8-B57D-44F0-83D6-2C65847AC06E-1024x683.jpeg\" class=\"pt-cv-thumbnail\" alt=\"\" \/><\/a><\/div>\n<div class=\"pt-cv-remain-wrapper\"><div class=\"pt-cv-taxoterm above_title\"><a href='https:\/\/iameacademy.com\/al\/category\/courses\/' title='Kurset' class='pt-cv-tax-courses'>Kurset<\/a><\/div><h4 class=\"pt-cv-title\"><a href=\"https:\/\/iameacademy.com\/al\/ventillimi-mekanik-menaxhimi-rrugeve-frymarjes\/\" class=\"_self\" target=\"_self\" >Ventilimi mekanik dhe menaxhimi i rrug\u00ebve t\u00eb frym\u00ebmarrjes<\/a><\/h4><div class=\"pt-cv-rmwrap\"><a href=\"https:\/\/iameacademy.com\/al\/ventillimi-mekanik-menaxhimi-rrugeve-frymarjes\/\" class=\"_self pt-cv-readmore btn btn-success\" target=\"_self\" >Lexo m\u00eb shum\u00eb<\/a><\/div><\/div><\/div>\n<div class=\"pt-cv-content-item pt-cv-1-col\" ><div class=\"pt-cv-thumb-wrapper\"><a href=\"https:\/\/iameacademy.com\/al\/menaxhimi-i-avancuar-i-pacientit-ne-kujdesin-intensiv\/\" class=\"_self pt-cv-href-thumbnail pt-cv-thumb-default\" target=\"_self\" ><img loading=\"lazy\" decoding=\"async\" width=\"640\" height=\"427\" src=\"https:\/\/iameacademy.com\/wp-content\/uploads\/2025\/05\/C9AFFD03-E12C-4EF6-899D-D27004D92C86-1024x683.jpeg\" class=\"pt-cv-thumbnail\" alt=\"\" \/><\/a><\/div>\n<div class=\"pt-cv-remain-wrapper\"><div class=\"pt-cv-taxoterm above_title\"><a href='https:\/\/iameacademy.com\/al\/category\/courses\/' title='Kurset' class='pt-cv-tax-courses'>Kurset<\/a><\/div><h4 class=\"pt-cv-title\"><a href=\"https:\/\/iameacademy.com\/al\/menaxhimi-i-avancuar-i-pacientit-ne-kujdesin-intensiv\/\" class=\"_self\" target=\"_self\" >Menaxhimi i avancuar i pacientit n\u00eb kujdesin intensiv p\u00ebr mjek\u00eb dhe infermier\u00eb<\/a><\/h4><div class=\"pt-cv-rmwrap\"><a href=\"https:\/\/iameacademy.com\/al\/menaxhimi-i-avancuar-i-pacientit-ne-kujdesin-intensiv\/\" class=\"_self pt-cv-readmore btn btn-success\" target=\"_self\" >Lexo m\u00eb shum\u00eb<\/a><\/div><\/div><\/div><\/div><\/div> <\/div> \t\t\t\t<\/div>\n\t\t\t\t<\/div>\n\t\t\t\t\t<\/div>\n\t\t<\/div>\n\t\t\t\t\t<\/div>\n\t\t<\/section>\n\t\t\t\t<\/div>","protected":false},"excerpt":{"rendered":"<p>What is healthcare simulation? Healthcare simulation is realistic training and reflection on staged events from clinical work. With the help of healthcare simulation, healthcare personnel can train on relevant and challenging situations from their own working day. The patients have been replaced with simulators (manikins) or markers. We create a risk-free environment where you and&#8230;<\/p>","protected":false},"author":1,"featured_media":0,"parent":0,"menu_order":0,"comment_status":"closed","ping_status":"closed","template":"","meta":{"_acf_changed":false,"_monsterinsights_skip_tracking":false,"_monsterinsights_sitenote_active":false,"_monsterinsights_sitenote_note":"","_monsterinsights_sitenote_category":0,"footnotes":""},"class_list":["post-5840","page","type-page","status-publish","hentry"],"acf":[],"_links":{"self":[{"href":"https:\/\/iameacademy.com\/al\/wp-json\/wp\/v2\/pages\/5840","targetHints":{"allow":["GET"]}}],"collection":[{"href":"https:\/\/iameacademy.com\/al\/wp-json\/wp\/v2\/pages"}],"about":[{"href":"https:\/\/iameacademy.com\/al\/wp-json\/wp\/v2\/types\/page"}],"author":[{"embeddable":true,"href":"https:\/\/iameacademy.com\/al\/wp-json\/wp\/v2\/users\/1"}],"replies":[{"embeddable":true,"href":"https:\/\/iameacademy.com\/al\/wp-json\/wp\/v2\/comments?post=5840"}],"version-history":[{"count":89,"href":"https:\/\/iameacademy.com\/al\/wp-json\/wp\/v2\/pages\/5840\/revisions"}],"predecessor-version":[{"id":11950,"href":"https:\/\/iameacademy.com\/al\/wp-json\/wp\/v2\/pages\/5840\/revisions\/11950"}],"wp:attachment":[{"href":"https:\/\/iameacademy.com\/al\/wp-json\/wp\/v2\/media?parent=5840"}],"curies":[{"name":"wp","href":"https:\/\/api.w.org\/{rel}","templated":true}]}}